{"id":3,"date":"2022-12-23T10:59:27","date_gmt":"2022-12-23T10:59:27","guid":{"rendered":"https:\/\/muffelwildring-gladenbacherbergland.de\/?page_id=3"},"modified":"2023-01-10T11:30:39","modified_gmt":"2023-01-10T11:30:39","slug":"privacy-policy","status":"publish","type":"page","link":"https:\/\/muffelwildring-gladenbacherbergland.de\/index.php\/privacy-policy\/","title":{"rendered":"Privacy Policy"},"content":{"rendered":"\n<h1 class=\"wp-block-heading\">Datenschutz<\/h1>\n\n\n\n<p>Personenbezogene Daten (nachfolgend zumeist nur \u201eDaten\u201c genannt) werden von uns nur im Rahmen der Erforderlichkeit sowie zum Zwecke der Bereitstellung eines funktionsf\u00e4higen und nutzerfreundlichen Internetauftritts, inklusive seiner Inhalte und der dort angebotenen Leistungen, verarbeitet.<\/p>\n\n\n\n<p>Gem\u00e4\u00df Art. 4 Ziffer 1. der Verordnung (EU) 2016\/679, also der Datenschutz-Grundverordnung (nachfolgend nur \u201eDSGVO\u201c genannt), gilt als \u201eVerarbeitung\u201c jeder mit oder ohne Hilfe automatisierter Verfahren ausgef\u00fchrter Vorgang oder jede solche Vorgangsreihe im Zusammenhang mit personenbezogenen Daten, wie das Erheben, das Erfassen, die Organisation, das Ordnen, die Speicherung, die Anpassung oder Ver\u00e4nderung, das Auslesen, das Abfragen, die Verwendung, die Offenlegung durch \u00dcbermittlung, Verbreitung oder eine andere Form der Bereitstellung, den Abgleich oder die Verkn\u00fcpfung, die Einschr\u00e4nkung, das L\u00f6schen oder die Vernichtung.<\/p>\n\n\n\n<p>Mit der nachfolgenden Datenschutzerkl\u00e4rung informieren wir Sie insbesondere \u00fcber Art, Umfang, Zweck, Dauer und Rechtsgrundlage der Verarbeitung personenbezogener Daten, soweit wir entweder allein oder gemeinsam mit anderen \u00fcber die Zwecke und Mittel der Verarbeitung entscheiden. Zudem informieren wir Sie nachfolgend \u00fcber die von uns zu Optimierungszwecken sowie zur Steigerung der Nutzungsqualit\u00e4t eingesetzten Fremdkomponenten, soweit hierdurch Dritte Daten in wiederum eigener Verantwortung verarbeiten.<\/p>\n\n\n\n<p>Unsere Datenschutzerkl\u00e4rung ist wie folgt gegliedert:<\/p>\n\n\n\n<ol class=\"wp-block-list\" type=\"I\">\n<li>Informationen \u00fcber uns als Verantwortliche<\/li>\n\n\n\n<li>Rechte der Nutzer und Betroffenen<\/li>\n\n\n\n<li>Informationen zur Datenverarbeitung<\/li>\n<\/ol>\n\n\n\n<hr class=\"wp-block-separator has-alpha-channel-opacity\"\/>\n\n\n\n<h3 class=\"wp-block-heading\">I. Informationen \u00fcber uns als Verantwortliche<\/h3>\n\n\n\n<p>Verantwortlicher Anbieter dieses Internetauftritts im datenschutzrechtlichen Sinne ist:<br>Felix Kl\u00f6s<br>Schlehenweg 8<br>35216 Biedenkopf<br>Deutschland<br>E-Mail:\u00a0datenschutz@muffelwildring-gladenbacherbergland.de<\/p>\n\n\n\n<hr class=\"wp-block-separator has-alpha-channel-opacity\"\/>\n\n\n\n<h3 class=\"wp-block-heading\">II. Rechte der Nutzer und Betroffenen<\/h3>\n\n\n\n<p>Mit Blick auf die nachfolgend noch n\u00e4her beschriebene Datenverarbeitung haben die Nutzer und Betroffenen das Recht<\/p>\n\n\n\n<ul class=\"wp-block-list\">\n<li>auf Best\u00e4tigung, ob sie betreffende Daten verarbeitet werden, auf Auskunft \u00fcber die verarbeiteten Daten, auf weitere Informationen \u00fcber die Datenverarbeitung sowie auf Kopien der Daten (vgl. auch Art. 15 DSGVO);<\/li>\n\n\n\n<li>auf Berichtigung oder Vervollst\u00e4ndigung unrichtiger bzw. unvollst\u00e4ndiger Daten (vgl. auch Art. 16 DSGVO);<\/li>\n\n\n\n<li>auf unverz\u00fcgliche L\u00f6schung der sie betreffenden Daten (vgl. auch Art. 17 DSGVO), oder, alternativ, soweit eine weitere Verarbeitung gem\u00e4\u00df Art. 17 Abs. 3 DSGVO erforderlich ist, auf Einschr\u00e4nkung der Verarbeitung nach Ma\u00dfgabe von Art. 18 DSGVO;<\/li>\n\n\n\n<li>auf Erhalt der sie betreffenden und von ihnen bereitgestellten Daten und auf \u00dcbermittlung dieser Daten an andere Anbieter\/Verantwortliche (vgl. auch Art. 20 DSGVO);<\/li>\n\n\n\n<li>auf Beschwerde gegen\u00fcber der Aufsichtsbeh\u00f6rde, sofern sie der Ansicht sind, dass die sie betreffenden Daten durch den Anbieter unter Versto\u00df gegen datenschutzrechtliche Bestimmungen verarbeitet werden (vgl. auch Art. 77 DSGVO).<\/li>\n<\/ul>\n\n\n\n<p>Dar\u00fcber hinaus ist der Anbieter dazu verpflichtet, alle Empf\u00e4nger, denen gegen\u00fcber Daten durch den Anbieter offengelegt worden sind, \u00fcber jedwede Berichtigung oder L\u00f6schung von Daten oder die Einschr\u00e4nkung der Verarbeitung, die aufgrund der Artikel 16, 17 Abs. 1, 18 DSGVO erfolgt, zu unterrichten. Diese Verpflichtung besteht jedoch nicht, soweit diese Mitteilung unm\u00f6glich oder mit einem unverh\u00e4ltnism\u00e4\u00dfigen Aufwand verbunden ist. Unbeschadet dessen hat der Nutzer ein Recht auf Auskunft \u00fcber diese Empf\u00e4nger.<\/p>\n\n\n\n<p>Ebenfalls haben die Nutzer und Betroffenen nach Art. 21 DSGVO das Recht auf Widerspruch gegen die k\u00fcnftige Verarbeitung der sie betreffenden Daten, sofern die Daten durch den Anbieter nach Ma\u00dfgabe von Art. 6 Abs. 1 lit. f) DSGVO verarbeitet werden. Insbesondere ist ein Widerspruch gegen die Datenverarbeitung zum Zwecke der Direktwerbung statthaft.<\/p>\n\n\n\n<hr class=\"wp-block-separator has-alpha-channel-opacity\"\/>\n\n\n\n<h3 class=\"wp-block-heading\">III. Informationen zur Datenverarbeitung<\/h3>\n\n\n\n<p>Ihre bei Nutzung unseres Internetauftritts verarbeiteten Daten werden gel\u00f6scht oder gesperrt, sobald der Zweck der Speicherung entf\u00e4llt, der L\u00f6schung der Daten keine gesetzlichen Aufbewahrungspflichten entgegenstehen und nachfolgend keine anderslautenden Angaben zu einzelnen Verarbeitungsverfahren gemacht werden.<\/p>\n\n\n\n<p>Serverdaten<\/p>\n\n\n\n<p>Aus technischen Gr\u00fcnden, insbesondere zur Gew\u00e4hrleistung eines sicheren und stabilen Internetauftritts, werden Daten durch Ihren Internet-Browser an uns bzw. an unseren Webspace-Provider \u00fcbermittelt. Mit diesen sog. Server-Logfiles werden u.a. Typ und Version Ihres Internetbrowsers, das Betriebssystem, die Website, von der aus Sie auf unseren Internetauftritt gewechselt haben (Referrer URL), die Website(s) unseres Internetauftritts, die Sie besuchen, Datum und Uhrzeit des jeweiligen Zugriffs sowie die IP-Adresse des Internetanschlusses, von dem aus die Nutzung unseres Internetauftritts erfolgt, erhoben.<\/p>\n\n\n\n<p>Diese so erhobenen Daten werden vorr\u00fcbergehend gespeichert, dies jedoch nicht gemeinsam mit anderen Daten von Ihnen.<\/p>\n\n\n\n<p>Diese Speicherung erfolgt auf der Rechtsgrundlage von Art. 6 Abs. 1 lit. f) DSGVO. Unser berechtigtes Interesse liegt in der Verbesserung, Stabilit\u00e4t, Funktionalit\u00e4t und Sicherheit unseres Internetauftritts.<\/p>\n\n\n\n<p>Die Daten werden sp\u00e4testens nach sieben Tage wieder gel\u00f6scht, soweit keine weitere Aufbewahrung zu Beweiszwecken erforderlich ist. Andernfalls sind die Daten bis zur endg\u00fcltigen Kl\u00e4rung eines Vorfalls ganz oder teilweise von der L\u00f6schung ausgenommen.<\/p>\n\n\n\n<p>Cookies<\/p>\n\n\n\n<p>Wir verwenden mit unserem Internetauftritt sog. Cookies. Cookies sind kleine Textdateien oder andere Speichertechnologien, die durch den von Ihnen eingesetzten Internet-Browser auf Ihrem Endger\u00e4t ablegt und gespeichert werden. Durch diese Cookies werden im individuellen Umfang bestimmte Informationen von Ihnen, wie beispielsweise Ihre Browser- oder Standortdaten oder Ihre IP-Adresse, verarbeitet.<\/p>\n\n\n\n<p>Durch diese Verarbeitung wird unser Internetauftritt benutzerfreundlicher, effektiver und sicherer, da die Verarbeitung bspw. die Wiedergabe unseres Internetauftritts in unterschiedlichen Sprachen oder das Angebot einer Warenkorbfunktion erm\u00f6glicht.<\/p>\n\n\n\n<p>Rechtsgrundlage dieser Verarbeitung ist Art. 6 Abs. 1 lit b.) DSGVO, sofern diese Cookies Daten zur Vertragsanbahnung oder Vertragsabwicklung verarbeitet werden.<\/p>\n\n\n\n<p>Falls die Verarbeitung nicht der Vertragsanbahnung oder Vertragsabwicklung dient, liegt unser berechtigtes Interesse in der Verbesserung der Funktionalit\u00e4t unseres Internetauftritts. Rechtsgrundlage ist in dann Art. 6 Abs. 1 lit. f) DSGVO.<\/p>\n\n\n\n<p>Die meisten der auf unserer Seite verwendeten Cookies sind so genannte \u201cSession-Cookies\u201d. Diese werden nach Ende Ihres Besuchs automatisch gel\u00f6scht. Andere Cookies bleiben bis zu 90 Tage auf Ihrem Endger\u00e4t gespeichert oder bis Sie diese l\u00f6schen. Diese Cookies erm\u00f6glichen es uns, Ihren Browser beim n\u00e4chsten Besuch wiederzuerkennen und ihre get\u00e4tigten Seiteneinstellungen zu speichern.<\/p>\n\n\n\n<p>Gegebenenfalls werden mit unserem Internetauftritt auch Cookies von Partnerunternehmen, mit denen wir zum Zwecke der Werbung, der Analyse oder der Funktionalit\u00e4ten unseres Internetauftritts zusammenarbeiten, verwendet.<\/p>\n\n\n\n<p>Die Einzelheiten hierzu, insbesondere zu den Zwecken und den Rechtsgrundlagen der Verarbeitung solcher Drittanbieter-Cookies, entnehmen Sie bitte den nachfolgenden Informationen.<\/p>\n\n\n\n<p>Sie k\u00f6nnen die Installation der Cookies durch eine Einstellung Ihres Internet-Browsers verhindern oder einschr\u00e4nken. Ebenfalls k\u00f6nnen Sie bereits gespeicherte Cookies jederzeit l\u00f6schen. Die hierf\u00fcr erforderlichen Schritte und Ma\u00dfnahmen h\u00e4ngen jedoch von Ihrem konkret genutzten Internet-Browser ab. Bei Fragen benutzen Sie daher bitte die Hilfefunktion oder Dokumentation Ihres Internet-Browsers oder wenden sich an dessen Hersteller bzw. Support. Bei sog. Flash-Cookies kann die Verarbeitung allerdings nicht \u00fcber die Einstellungen des Browsers unterbunden werden. Stattdessen m\u00fcssen Sie insoweit die Einstellung Ihres Flash-Players \u00e4ndern. Auch die hierf\u00fcr erforderlichen Schritte und Ma\u00dfnahmen h\u00e4ngen von Ihrem konkret genutzten Flash-Player ab. Bei Fragen benutzen Sie daher bitte ebenso die Hilfefunktion oder Dokumentation Ihres Flash-Players oder wenden sich an den Hersteller bzw. Benutzer-Support.<\/p>\n\n\n\n<p>Sollten Sie die Installation der Cookies verhindern oder einschr\u00e4nken, kann dies allerdings dazu f\u00fchren, dass nicht s\u00e4mtliche Funktionen unseres Internetauftritts vollumf\u00e4nglich nutzbar sind.<\/p>\n\n\n\n<p>Vertragsabwicklung<\/p>\n\n\n\n<p>Die von Ihnen zur Inanspruchnahme unseres Waren- und\/oder Dienstleistungsangebots \u00fcbermittelten Daten werden von uns zum Zwecke der Vertragsabwicklung verarbeitet und sind insoweit erforderlich. Vertragsschluss und Vertragsabwicklung sind ohne Bereitstellung Ihrer Daten nicht m\u00f6glich. Rechtsgrundlage f\u00fcr die Verarbeitung ist Art. 6 Abs. 1 lit. b) DSGVO.<\/p>\n\n\n\n<p>Wir l\u00f6schen die nicht weiter ben\u00f6tigten Daten mit vollst\u00e4ndiger Vertragsabwicklung, m\u00fcssen dabei aber die steuer- und handelsrechtlichen Aufbewahrungsfristen beachten. Im Rahmen der Vertragsabwicklung geben wir Ihre Daten an das mit der Warenlieferung beauftragte Transportunternehmen oder an den Finanzdienstleister weiter, soweit die Weitergabe zur Warenauslieferung oder zu Bezahlzwecken erforderlich ist. Rechtsgrundlage f\u00fcr die Weitergabe der Daten ist dann Art. 6 Abs. 1 lit. b) DSGVO.<\/p>\n\n\n\n<hr class=\"wp-block-separator has-alpha-channel-opacity\"\/>\n\n\n\n<hr class=\"wp-block-separator has-alpha-channel-opacity\"\/>\n\n\n\n<hr class=\"wp-block-separator has-alpha-channel-opacity\"\/>\n\n\n\n<h3 class=\"wp-block-heading\">Cloudflare<\/h3>\n\n\n\n<p>Auf unserer Website verwenden wir Funktionen des Technologiedienstleisters Cloudflare Inc., 101 Townsend St. San Francisco, CA 94107, USA, im Weiteren &#8222;Cloudflare&#8220; genannt. Cloudflare bietet ein weltweit verteiltes Content Delivery Network (&#8222;CDN&#8220;) mit DNS an. Technisch wird der Informationstransfer zwischen Ihrem Browser und unserer Website \u00fcber das Netzwerk von CloudFlare geleitet. Bei einem Content Delivery Network handelt es sich um einen Online-Dienst, mit dessen Hilfe insbesondere gro\u00dfe Mediendateien (wie z.B. Grafiken, Seiteninhalte oder Skripte) durch ein Netz regional verteilter und \u00fcber das Internet verbundener Server ausgeliefert werden. Der Einsatz des Content Delivery Network von Cloudflare hilft uns bei der Optimierung der Ladegeschwindigkeiten unserer Website.<\/p>\n\n\n\n<p>Sofern Sie unseren Internetauftritt aufrufen, werden Ihre Anfragen \u00fcber den Server von CloudFlare geleitet. Hierbei werden statistische Zugriffsdaten \u00fcber den Besuch unseres Internetauftritts erhoben und durch CloudFlare ein Cookie \u00fcber Ihren Internet-Browser auf Ihrem Endger\u00e4t gespeichert. Zu den Zugriffsdaten z\u00e4hlen<\/p>\n\n\n\n<ul class=\"wp-block-list\">\n<li>Ihre IP-Adresse<\/li>\n\n\n\n<li>die von Ihnen aufgerufene(n) Internetseite(n) unseres Internetauftritts<\/li>\n\n\n\n<li>Typ und Version des von Ihnen genutzten Internet &#8211; Browsers<\/li>\n\n\n\n<li>das von Ihnen genutzte Betriebssystem<\/li>\n\n\n\n<li>die Internetseite, von der sie auf unseren Internetauftritt gewechselt haben (Referrer &#8211; URL)<\/li>\n\n\n\n<li>Ihre Verweildauer auf unserem Internetauftritt<\/li>\n\n\n\n<li>die H\u00e4ufigkeit des Aufrufs unserer Internetseiten<\/li>\n<\/ul>\n\n\n\n<p>Die Daten werden durch CloudFlare zum Zwecke statistischer Auswertungen der Zugriffe sowie zur Sicherheit und Optimierung des Angebots verwendet. Sofern Sie mit dieser Verarbeitung nicht einverstanden sind, haben Sie die M\u00f6glichkeit, die Installation der Cookies durch die entsprechenden Einstellungen in Ihrem Internet-Browser zu verhindern. Einzelheiten hierzu finden Sie vorstehend unter dem Punkt \u201eCookies\u201c.<\/p>\n\n\n\n<p>Die Verarbeitung erfolgt gem\u00e4\u00df Art. 6 Abs. 1 lit. f DSGVO auf Basis unseres berechtigten Interesses an einer sicheren und effizienten Bereitstellung, sowie Verbesserung der Stabilit\u00e4t und Funktionalit\u00e4t unserer Website. Cloudflare mit Sitz in den USA ist f\u00fcr das us-europ\u00e4ische Datenschutz\u00fcbereinkommen \u201ePrivacy Shield\u201c zertifiziert, welches die Einhaltung des in der EU geltenden Datenschutzniveaus gew\u00e4hrleistet. Weitere Informationen finden Sie in der Datenschutzerkl\u00e4rung von Cloudflare unter:<\/p>\n\n\n\n<p><a href=\"https:\/\/www.cloudflare.com\/privacypolicy\">https:\/\/www.cloudflare.com\/privacypolicy<\/a><\/p>\n\n\n\n<p><a href=\"https:\/\/www.privacyshield.gov\/participant?id=a2zt0000000GnZKAA0&amp;status=Active\">https:\/\/www.privacyshield.gov\/participant?id=a2zt0000000GnZKAA0&amp;status=Active<\/a><\/p>\n\n\n\n<hr class=\"wp-block-separator has-alpha-channel-opacity\"\/>\n\n\n\n<h3 class=\"wp-block-heading\">Google Fonts<\/h3>\n\n\n\n<p>In unserem Internetauftritt setzen wir Google Fonts zur Darstellung externer Schriftarten ein. Es handelt sich hierbei um einen Dienst der Google Ireland Limited, Gordon House, Barrow Street, Dublin 4, Irland, nachfolgend nur \u201eGoogle\u201c genannt.<\/p>\n\n\n\n<p>Durch die Zertifizierung nach dem EU-US-Datenschutzschild (\u201eEU-US Privacy Shield\u201c) garantiert Google, dass die Datenschutzvorgaben der EU auch bei der Verarbeitung von Daten in den USA eingehalten werden.<\/p>\n\n\n\n<p><a href=\"https:\/\/www.privacyshield.gov\/participant?id=a2zt000000001L5AAI&amp;status=Active\">https:\/\/www.privacyshield.gov\/participant?id=a2zt000000001L5AAI&amp;status=Active<\/a><\/p>\n\n\n\n<p>Um die Darstellung bestimmter Schriften in unserem Internetauftritt zu erm\u00f6glichen, wird bei Aufruf unseres Internetauftritts eine Verbindung zu dem Google-Server in den USA aufgebaut.<\/p>\n\n\n\n<p>Rechtsgrundlage ist Art. 6 Abs. 1 lit. f) DSGVO. Unser berechtigtes Interesse liegt in der Optimierung und dem wirtschaftlichen Betrieb unseres Internetauftritts.<\/p>\n\n\n\n<p>Durch die bei Aufruf unseres Internetauftritts hergestellte Verbindung zu Google kann Google ermitteln, von welcher Website Ihre Anfrage gesendet worden ist und an welche IP-Adresse die Darstellung der Schrift zu \u00fcbermitteln ist.<\/p>\n\n\n\n<p>Google bietet unter<\/p>\n\n\n\n<p><a href=\"https:\/\/adssettings.google.com\/authenticated\">https:\/\/adssettings.google.com\/authenticated<\/a><\/p>\n\n\n\n<p><a href=\"https:\/\/policies.google.com\/privacy\">https:\/\/policies.google.com\/privacy<\/a><\/p>\n\n\n\n<p>weitere Informationen an und zwar insbesondere zu den M\u00f6glichkeiten der Unterbindung der Datennutzung.<\/p>\n\n\n\n<hr class=\"wp-block-separator has-alpha-channel-opacity\"\/>\n\n\n\n<p>Diese Datenschutzerkl\u00e4rung wurde unter anderem mit Zuhilfenahme der<br><a target=\"_blank\" href=\"https:\/\/www.ratgeberrecht.eu\/leistungen\/muster-datenschutzerklaerung.html\" rel=\"noreferrer noopener\">Muster-Datenschutzerkl\u00e4rung<\/a>&nbsp;der&nbsp;<a target=\"_blank\" href=\"https:\/\/www.ratgeberrecht.eu\/datenschutz\/datenschutzerklaerung-generator-dsgvo.html\" rel=\"noreferrer noopener\">Anwaltskanzlei Wei\u00df &amp; Partner<\/a>&nbsp;erstellt.<\/p>\n\n\n\n<hr class=\"wp-block-separator has-alpha-channel-opacity\"\/>\n\n\n\n<h3 class=\"wp-block-heading\">Anmerkungen gem\u00e4\u00df Telemediengesetz<\/h3>\n\n\n\n<p>Haftung f\u00fcr Inhalte<\/p>\n\n\n\n<p>Die Inhalte unserer Seiten wurden mit gr\u00f6\u00dfter Sorgfalt erstellt. F\u00fcr die Richtigkeit, Vollst\u00e4ndigkeit und Aktualit\u00e4t der Inhalte k\u00f6nnen wir jedoch keine Gew\u00e4hr \u00fcbernehmen. Als Diensteanbieter sind wir gem\u00e4\u00df \u00a7 7 Abs.1 TMG f\u00fcr eigene Inhalte auf diesen Seiten nach den allgemeinen Gesetzen verantwortlich. Nach \u00a7\u00a7 8 bis 10 TMG sind wir als Diensteanbieter jedoch nicht verpflichtet, \u00fcbermittelte oder gespeicherte fremde Informationen zu \u00fcberwachen oder nach Umst\u00e4nden zu forschen, die auf eine rechtswidrige T\u00e4tigkeit hinweisen. Verpflichtungen zur Entfernung oder Sperrung der Nutzung von Informationen nach den allgemeinen Gesetzen bleiben hiervon unber\u00fchrt. Eine diesbez\u00fcgliche Haftung ist jedoch erst ab dem Zeitpunkt der Kenntnis einer konkreten Rechtsverletzung m\u00f6glich. Bei Bekanntwerden von entsprechenden Rechtsverletzungen werden wir diese Inhalte umgehend entfernen.<\/p>\n\n\n\n<p>Haftung f\u00fcr Links<\/p>\n\n\n\n<p>Unser Angebot enth\u00e4lt Links zu externen Webseiten Dritter, auf deren Inhalte wir keinen Einfluss haben. Deshalb k\u00f6nnen wir f\u00fcr diese fremden Inhalte auch keine Gew\u00e4hr \u00fcbernehmen. F\u00fcr die Inhalte der verlinkten Seiten ist stets der jeweilige Anbieter oder Betreiber der Seiten verantwortlich. Die verlinkten Seiten wurden zum Zeitpunkt der Verlinkung auf m\u00f6gliche Rechtsverst\u00f6\u00dfe \u00fcberpr\u00fcft. Rechtswidrige Inhalte waren zum Zeitpunkt der Verlinkung nicht erkennbar. Eine permanente inhaltliche Kontrolle der verlinkten Seiten ist jedoch ohne konkrete Anhaltspunkte einer Rechtsverletzung nicht zumutbar. Bei Bekanntwerden von Rechtsverletzungen werden wir derartige Links umgehend entfernen.<\/p>\n\n\n\n<p>Urheberrecht<\/p>\n\n\n\n<p>Die durch die Seitenbetreiber erstellten Inhalte und Werke auf diesen Seiten unterliegen dem deutschen Urheberrecht. Die Vervielf\u00e4ltigung, Bearbeitung, Verbreitung und jede Art der Verwertung au\u00dferhalb der Grenzen des Urheberrechtes bed\u00fcrfen der schriftlichen Zustimmung des jeweiligen Autors bzw. Erstellers. Downloads und Kopien dieser Seite sind nur f\u00fcr den privaten, nicht kommerziellen Gebrauch gestattet. Soweit die Inhalte auf dieser Seite nicht vom Betreiber erstellt wurden, werden die Urheberrechte Dritter beachtet. Insbesondere werden Inhalte Dritter als solche gekennzeichnet. Sollten Sie trotzdem auf eine Urheberrechtsverletzung aufmerksam werden, bitten wir um einen entsprechenden Hinweis. Bei Bekanntwerden von Rechtsverletzungen werden wir derartige Inhalte umgehend entfernen.<\/p>\n","protected":false},"excerpt":{"rendered":"<p>Datenschutz Personenbezogene Daten (nachfolgend zumeist nur \u201eDaten\u201c genannt) werden von uns nur im Rahmen der Erforderlichkeit sowie zum Zwecke der Bereitstellung eines funktionsf\u00e4higen und nutzerfreundlichen Internetauftritts, inklusive seiner Inhalte und der dort angebotenen Leistungen, verarbeitet. Gem\u00e4\u00df Art. 4 Ziffer 1. der Verordnung (EU) 2016\/679, also der Datenschutz-Grundverordnung (nachfolgend nur \u201eDSGVO\u201c genannt), gilt als \u201eVerarbeitung\u201c jeder [&hellip;]<\/p>\n","protected":false},"author":1,"featured_media":0,"parent":0,"menu_order":0,"comment_status":"closed","ping_status":"open","template":"","meta":{"footnotes":""},"class_list":["post-3","page","type-page","status-publish","hentry"],"_links":{"self":[{"href":"https:\/\/muffelwildring-gladenbacherbergland.de\/index.php\/wp-json\/wp\/v2\/pages\/3","targetHints":{"allow":["GET"]}}],"collection":[{"href":"https:\/\/muffelwildring-gladenbacherbergland.de\/index.php\/wp-json\/wp\/v2\/pages"}],"about":[{"href":"https:\/\/muffelwildring-gladenbacherbergland.de\/index.php\/wp-json\/wp\/v2\/types\/page"}],"author":[{"embeddable":true,"href":"https:\/\/muffelwildring-gladenbacherbergland.de\/index.php\/wp-json\/wp\/v2\/users\/1"}],"replies":[{"embeddable":true,"href":"https:\/\/muffelwildring-gladenbacherbergland.de\/index.php\/wp-json\/wp\/v2\/comments?post=3"}],"version-history":[{"count":1,"href":"https:\/\/muffelwildring-gladenbacherbergland.de\/index.php\/wp-json\/wp\/v2\/pages\/3\/revisions"}],"predecessor-version":[{"id":42,"href":"https:\/\/muffelwildring-gladenbacherbergland.de\/index.php\/wp-json\/wp\/v2\/pages\/3\/revisions\/42"}],"wp:attachment":[{"href":"https:\/\/muffelwildring-gladenbacherbergland.de\/index.php\/wp-json\/wp\/v2\/media?parent=3"}],"curies":[{"name":"wp","href":"https:\/\/api.w.org\/{rel}","templated":true}]}}