{"id":43,"date":"2023-01-10T11:36:58","date_gmt":"2023-01-10T11:36:58","guid":{"rendered":"https:\/\/muffelwildring-gladenbacherbergland.de\/?page_id=43"},"modified":"2023-01-10T11:36:58","modified_gmt":"2023-01-10T11:36:58","slug":"impressum","status":"publish","type":"page","link":"https:\/\/muffelwildring-gladenbacherbergland.de\/index.php\/impressum\/","title":{"rendered":"Impressum"},"content":{"rendered":"\n<h3 class=\"wp-block-heading\">Angaben gem\u00e4\u00df \u00a7 5 TMG<\/h3>\n\n\n\n<p>Muffelwild Hegering Gladenbacher Bergland<br>1. Vorsitzender <br>Rolf Kirch<br>Strohberg 7<br>35075 Gladenbach-Weidenhausen<\/p>\n\n\n\n<hr class=\"wp-block-separator has-alpha-channel-opacity\"\/>\n\n\n\n<h3 class=\"wp-block-heading\">Kontakt<\/h3>\n\n\n\n<p>E-Mail: info[at]muffelwildring-gladenbacherbergland[dot]de<\/p>\n\n\n\n<hr class=\"wp-block-separator has-alpha-channel-opacity\"\/>\n\n\n\n<h3 class=\"wp-block-heading\">Urheberrecht<\/h3>\n\n\n\n<p>Die durch die Seitenbetreiber erstellten Inhalte und Werke auf diesen Seiten unterliegen dem deutschen Urheberrecht. Die Vervielf\u00e4ltigung, Bearbeitung, Verbreitung und jede Art der Verwertung au\u00dferhalb der Grenzen des Urheberrechtes bed\u00fcrfen der schriftlichen Zustimmung des jeweiligen Autors bzw. Erstellers. Downloads und Kopien dieser Seite sind nur f\u00fcr den privaten, nicht kommerziellen Gebrauch gestattet. Soweit die Inhalte auf dieser Seite nicht vom Betreiber erstellt wurden, werden die Urheberrechte Dritter beachtet. Insbesondere werden Inhalte Dritter als solche gekennzeichnet. Sollten Sie trotzdem auf eine Urheberrechtsverletzung aufmerksam werden, bitten wir um einen entsprechenden Hinweis. Bei Bekanntwerden von Rechtsverletzungen werden wir derartige Inhalte umgehend entfernen.<\/p>\n\n\n\n<p>Quellenangaben f\u00fcr verwendete Bilder und Grafiken, sofern nicht unter dem Bild selbst angegeben und nicht selbt erstellt:<br>Unsplash&nbsp;<a href=\"https:\/\/unsplash.com\/license\" target=\"_blank\" rel=\"noreferrer noopener\">unsplash.com<\/a><\/p>\n\n\n\n<hr class=\"wp-block-separator has-alpha-channel-opacity\"\/>\n\n\n\n<p>Der Nutzung von im Rahmen der Impressumspflicht ver\u00f6ffentlichten Kontaktdaten durch Dritte zur \u00dcbersendung von nicht ausdr\u00fccklich angeforderter Werbung und Informationsmaterialien wird hiermit ausdr\u00fccklich widersprochen. Die Betreiber der Seiten behalten sich ausdr\u00fccklich rechtliche Schritte im Falle der unverlangten Zusendung von Werbeinformationen, etwa durch Spam-Mails, vor.<\/p>\n","protected":false},"excerpt":{"rendered":"<p>Angaben gem\u00e4\u00df \u00a7 5 TMG Muffelwild Hegering Gladenbacher Bergland1. Vorsitzender Rolf KirchStrohberg 735075 Gladenbach-Weidenhausen Kontakt E-Mail: info[at]muffelwildring-gladenbacherbergland[dot]de Urheberrecht Die durch die Seitenbetreiber erstellten Inhalte und Werke auf diesen Seiten unterliegen dem deutschen Urheberrecht. Die Vervielf\u00e4ltigung, Bearbeitung, Verbreitung und jede Art der Verwertung au\u00dferhalb der Grenzen des Urheberrechtes bed\u00fcrfen der schriftlichen Zustimmung des jeweiligen Autors bzw. [&hellip;]<\/p>\n","protected":false},"author":1,"featured_media":0,"parent":0,"menu_order":0,"comment_status":"closed","ping_status":"closed","template":"","meta":{"footnotes":""},"class_list":["post-43","page","type-page","status-publish","hentry"],"_links":{"self":[{"href":"https:\/\/muffelwildring-gladenbacherbergland.de\/index.php\/wp-json\/wp\/v2\/pages\/43","targetHints":{"allow":["GET"]}}],"collection":[{"href":"https:\/\/muffelwildring-gladenbacherbergland.de\/index.php\/wp-json\/wp\/v2\/pages"}],"about":[{"href":"https:\/\/muffelwildring-gladenbacherbergland.de\/index.php\/wp-json\/wp\/v2\/types\/page"}],"author":[{"embeddable":true,"href":"https:\/\/muffelwildring-gladenbacherbergland.de\/index.php\/wp-json\/wp\/v2\/users\/1"}],"replies":[{"embeddable":true,"href":"https:\/\/muffelwildring-gladenbacherbergland.de\/index.php\/wp-json\/wp\/v2\/comments?post=43"}],"version-history":[{"count":1,"href":"https:\/\/muffelwildring-gladenbacherbergland.de\/index.php\/wp-json\/wp\/v2\/pages\/43\/revisions"}],"predecessor-version":[{"id":44,"href":"https:\/\/muffelwildring-gladenbacherbergland.de\/index.php\/wp-json\/wp\/v2\/pages\/43\/revisions\/44"}],"wp:attachment":[{"href":"https:\/\/muffelwildring-gladenbacherbergland.de\/index.php\/wp-json\/wp\/v2\/media?parent=43"}],"curies":[{"name":"wp","href":"https:\/\/api.w.org\/{rel}","templated":true}]}}